{"id":83,"date":"2015-04-04T01:06:58","date_gmt":"2015-04-03T23:06:58","guid":{"rendered":"http:\/\/impluspro.de\/?page_id=83"},"modified":"2015-04-07T10:55:27","modified_gmt":"2015-04-07T08:55:27","slug":"verkauf","status":"publish","type":"page","link":"https:\/\/impluspro.de\/?page_id=83","title":{"rendered":"Verkauf"},"content":{"rendered":"<div id=\"pl-83\"  class=\"panel-layout\" ><div id=\"pg-83-0\"  class=\"panel-grid panel-no-style\" ><div id=\"pgc-83-0-0\"  class=\"panel-grid-cell\" ><div id=\"panel-83-0-0-0\" class=\"so-panel widget widget_black-studio-tinymce widget_black_studio_tinymce panel-first-child panel-last-child\" data-index=\"0\" ><div class=\"textwidget\"><p>Beim Verkauf Ihres Objektes unterst\u00fctzen wir Sie mit einem umfassenden und individuellen Service.<br \/>Die IMplusPRO GmbH ist Ihr kompetenter Partner f\u00fcr einen nachhaltigen Verkaufserfolg in den verschiedenen Marktsegmenten:<br \/>Gewerbe, Wohnungen, Ein- und Mehrfamilienh\u00e4user.<\/p>\n<\/div><\/div><\/div><div id=\"pgc-83-0-1\"  class=\"panel-grid-cell\" ><div id=\"panel-83-0-1-0\" class=\"so-panel widget widget_sow-image panel-first-child panel-last-child\" data-index=\"1\" ><div\n\t\t\t\n\t\t\tclass=\"so-widget-sow-image so-widget-sow-image-default-8b5b6f678277-83\"\n\t\t\t\n\t\t>\n<div class=\"sow-image-container\">\n\t\t<img \n\tsrc=\"https:\/\/impluspro.de\/wp-content\/uploads\/2015\/04\/Fotolia_44201802_L-1024x683.jpg\" width=\"750\" height=\"500\" srcset=\"https:\/\/impluspro.de\/wp-content\/uploads\/2015\/04\/Fotolia_44201802_L-1024x683.jpg 1024w, https:\/\/impluspro.de\/wp-content\/uploads\/2015\/04\/Fotolia_44201802_L-300x200.jpg 300w, https:\/\/impluspro.de\/wp-content\/uploads\/2015\/04\/Fotolia_44201802_L-272x182.jpg 272w\" sizes=\"(max-width: 750px) 100vw, 750px\" title=\"Modern house in Berlin\" alt=\"\" \t\tclass=\"so-widget-image\"\/>\n\t<\/div>\n\n<\/div><\/div><\/div><\/div><\/div>","protected":false},"excerpt":{"rendered":"<p>Beim Verkauf Ihres Objektes unterst\u00fctzen wir Sie mit einem umfassenden und individuellen Service.Die IMplusPRO GmbH ist Ihr kompetenter Partner f\u00fcr einen nachhaltigen Verkaufserfolg in den verschiedenen Marktsegmenten:Gewerbe, Wohnungen, Ein- und Mehrfamilienh\u00e4user.<\/p>\n","protected":false},"author":1,"featured_media":0,"parent":2,"menu_order":3,"comment_status":"closed","ping_status":"closed","template":"","meta":{"footnotes":""},"class_list":["post-83","page","type-page","status-publish","hentry"],"_links":{"self":[{"href":"https:\/\/impluspro.de\/index.php?rest_route=\/wp\/v2\/pages\/83","targetHints":{"allow":["GET"]}}],"collection":[{"href":"https:\/\/impluspro.de\/index.php?rest_route=\/wp\/v2\/pages"}],"about":[{"href":"https:\/\/impluspro.de\/index.php?rest_route=\/wp\/v2\/types\/page"}],"author":[{"embeddable":true,"href":"https:\/\/impluspro.de\/index.php?rest_route=\/wp\/v2\/users\/1"}],"replies":[{"embeddable":true,"href":"https:\/\/impluspro.de\/index.php?rest_route=%2Fwp%2Fv2%2Fcomments&post=83"}],"version-history":[{"count":6,"href":"https:\/\/impluspro.de\/index.php?rest_route=\/wp\/v2\/pages\/83\/revisions"}],"predecessor-version":[{"id":514,"href":"https:\/\/impluspro.de\/index.php?rest_route=\/wp\/v2\/pages\/83\/revisions\/514"}],"up":[{"embeddable":true,"href":"https:\/\/impluspro.de\/index.php?rest_route=\/wp\/v2\/pages\/2"}],"wp:attachment":[{"href":"https:\/\/impluspro.de\/index.php?rest_route=%2Fwp%2Fv2%2Fmedia&parent=83"}],"curies":[{"name":"wp","href":"https:\/\/api.w.org\/{rel}","templated":true}]}}