{"id":79,"date":"2015-04-04T01:06:19","date_gmt":"2015-04-03T23:06:19","guid":{"rendered":"http:\/\/impluspro.de\/?page_id=79"},"modified":"2015-04-07T10:53:37","modified_gmt":"2015-04-07T08:53:37","slug":"projektentwicklung","status":"publish","type":"page","link":"https:\/\/impluspro.de\/?page_id=79","title":{"rendered":"Projektentwicklung"},"content":{"rendered":"<div id=\"pl-79\"  class=\"panel-layout\" ><div id=\"pg-79-0\"  class=\"panel-grid panel-no-style\" ><div id=\"pgc-79-0-0\"  class=\"panel-grid-cell\" ><div id=\"panel-79-0-0-0\" class=\"so-panel widget widget_black-studio-tinymce widget_black_studio_tinymce panel-first-child panel-last-child\" data-index=\"0\" ><div class=\"textwidget\"><p>Die IMplusPRO GmbH realisiert innovative, werthaltige Wohn- und Gewerbeimmobilien deutschlandweit.<br \/>Wir erbringen s\u00e4mtliche Leistungen der gewerblichen und wohnungswirtschaftlichen Projektentwicklung: von der Konzeption \u00fcber den Ankauf geeigneter Grundst\u00fccke, ihrer Erschlie\u00dfung und Bebauung oder Ankauf von Sanierungsobjekten bis zur Ver\u00e4u\u00dferung des fertigen Objekts.<\/p>\n<\/div><\/div><\/div><div id=\"pgc-79-0-1\"  class=\"panel-grid-cell\" ><div id=\"panel-79-0-1-0\" class=\"so-panel widget widget_sow-image panel-first-child panel-last-child\" data-index=\"1\" ><div\n\t\t\t\n\t\t\tclass=\"so-widget-sow-image so-widget-sow-image-default-8b5b6f678277-79\"\n\t\t\t\n\t\t>\n<div class=\"sow-image-container\">\n\t\t<img \n\tsrc=\"https:\/\/impluspro.de\/wp-content\/uploads\/2015\/04\/Fotolia_50907667_L-1024x683.jpg\" width=\"750\" height=\"500\" srcset=\"https:\/\/impluspro.de\/wp-content\/uploads\/2015\/04\/Fotolia_50907667_L-1024x683.jpg 1024w, https:\/\/impluspro.de\/wp-content\/uploads\/2015\/04\/Fotolia_50907667_L-300x200.jpg 300w, https:\/\/impluspro.de\/wp-content\/uploads\/2015\/04\/Fotolia_50907667_L-272x182.jpg 272w\" sizes=\"(max-width: 750px) 100vw, 750px\" title=\"Architectural project\" alt=\"\" \t\tclass=\"so-widget-image\"\/>\n\t<\/div>\n\n<\/div><\/div><\/div><\/div><\/div>","protected":false},"excerpt":{"rendered":"<p>Die IMplusPRO GmbH realisiert innovative, werthaltige Wohn- und Gewerbeimmobilien deutschlandweit.Wir erbringen s\u00e4mtliche Leistungen der gewerblichen und wohnungswirtschaftlichen Projektentwicklung: von der Konzeption \u00fcber den Ankauf geeigneter Grundst\u00fccke, ihrer Erschlie\u00dfung und Bebauung oder Ankauf von Sanierungsobjekten bis zur Ver\u00e4u\u00dferung des fertigen Objekts.<\/p>\n","protected":false},"author":1,"featured_media":0,"parent":2,"menu_order":0,"comment_status":"closed","ping_status":"closed","template":"","meta":{"footnotes":""},"class_list":["post-79","page","type-page","status-publish","hentry"],"_links":{"self":[{"href":"https:\/\/impluspro.de\/index.php?rest_route=\/wp\/v2\/pages\/79","targetHints":{"allow":["GET"]}}],"collection":[{"href":"https:\/\/impluspro.de\/index.php?rest_route=\/wp\/v2\/pages"}],"about":[{"href":"https:\/\/impluspro.de\/index.php?rest_route=\/wp\/v2\/types\/page"}],"author":[{"embeddable":true,"href":"https:\/\/impluspro.de\/index.php?rest_route=\/wp\/v2\/users\/1"}],"replies":[{"embeddable":true,"href":"https:\/\/impluspro.de\/index.php?rest_route=%2Fwp%2Fv2%2Fcomments&post=79"}],"version-history":[{"count":9,"href":"https:\/\/impluspro.de\/index.php?rest_route=\/wp\/v2\/pages\/79\/revisions"}],"predecessor-version":[{"id":509,"href":"https:\/\/impluspro.de\/index.php?rest_route=\/wp\/v2\/pages\/79\/revisions\/509"}],"up":[{"embeddable":true,"href":"https:\/\/impluspro.de\/index.php?rest_route=\/wp\/v2\/pages\/2"}],"wp:attachment":[{"href":"https:\/\/impluspro.de\/index.php?rest_route=%2Fwp%2Fv2%2Fmedia&parent=79"}],"curies":[{"name":"wp","href":"https:\/\/api.w.org\/{rel}","templated":true}]}}