{"id":281,"date":"2015-04-05T23:07:49","date_gmt":"2015-04-05T21:07:49","guid":{"rendered":"http:\/\/impluspro.de\/?page_id=281"},"modified":"2019-09-13T16:52:46","modified_gmt":"2019-09-13T14:52:46","slug":"ferienwohnung-15","status":"publish","type":"page","link":"https:\/\/impluspro.de\/?page_id=281","title":{"rendered":"Ferienwohnung 15"},"content":{"rendered":"<div id=\"pl-281\"  class=\"panel-layout\" ><div id=\"pg-281-0\"  class=\"panel-grid panel-no-style\" ><div id=\"pgc-281-0-0\"  class=\"panel-grid-cell\" ><div id=\"panel-281-0-0-0\" class=\"so-panel widget widget_black-studio-tinymce widget_black_studio_tinymce panel-first-child panel-last-child\" data-index=\"0\" ><div class=\"textwidget\"><hr \/>\n<ul>\n<li>ca. 42 m\u00b2, Wohn-\/Schlafraum mit Schrankbett f\u00fcr 2 Personen, ein Kinderreisebett vorhanden<\/li>\n<li>Balkon<\/li>\n<li>Badewanne\/Dusche\/WC\/Waschmaschine<\/li>\n<li>K\u00fcche mit K\u00fchlschrank, Geschirrsp\u00fcler, uvm.<\/li>\n<li>Fernseher, Radio<\/li>\n<li>Pkw-Stellplatz vorhanden,<\/li>\n<li>Aufzug<\/li>\n<\/ul>\n<p><strong>Hinweis:<\/strong> innerhalb der Wohnung gibt es einen H\u00f6henunterschied von 3 Stufen zwischen dem Wohnbereich und der K\u00fcche\/Bad\/Flur!<\/p>\n<p>&nbsp;<\/p>\n<\/div><\/div><\/div><div id=\"pgc-281-0-1\"  class=\"panel-grid-cell\" ><div id=\"panel-281-0-1-0\" class=\"so-panel widget widget_black-studio-tinymce widget_black_studio_tinymce panel-first-child panel-last-child\" data-index=\"1\" ><div class=\"textwidget\"><p><code><div id=\"envira-gallery-wrap-544\" class=\"envira-gallery-wrap envira-gallery-theme-base envira-lightbox-theme-base\" itemscope itemtype=\"https:\/\/schema.org\/ImageGallery\"><div data-row-height=\"\" data-gallery-theme=\"\" id=\"envira-gallery-544\" class=\"envira-gallery-public  envira-gallery-2-columns envira-clear enviratope envira-gallery-css-animations\" data-envira-columns=\"2\"><div id=\"envira-gallery-item-550\" class=\"envira-gallery-item enviratope-item envira-gallery-item-1\" style=\"padding-left: 5px; padding-bottom: 10px; padding-right: 5px;\"  itemscope itemtype=\"https:\/\/schema.org\/ImageObject\"><div class=\"envira-gallery-item-inner\"><div class=\"envira-gallery-position-overlay  envira-gallery-top-left\"><\/div><div class=\"envira-gallery-position-overlay  envira-gallery-top-right\"><\/div><div class=\"envira-gallery-position-overlay  envira-gallery-bottom-left\"><\/div><div class=\"envira-gallery-position-overlay  envira-gallery-bottom-right\"><\/div><a href=\"http:\/\/impluspro.de\/wp-content\/uploads\/2015\/04\/IMG_5278_a1.jpg\" class=\"envira-gallery-544 envira-gallery-link\" rel=\"enviragallery544\" title=\"IMG_5278_a\" data-envira-caption=\"IMG_5278_a\" data-envira-retina=\"\" data-thumbnail=\"\"  itemprop=\"contentUrl\"><div class=\"envira-lazy\" data-test-width=\"960\" data-test-height=\"300\" style=\"padding-bottom:31.25%;\"><img decoding=\"async\" id=\"envira-gallery-image-550\" class=\"envira-gallery-image envira-gallery-image-1\" data-envira-index=\"1\" src=\"https:\/\/impluspro.de\/wp-content\/uploads\/2015\/04\/IMG_5278_a1-1024x683-960x300.jpg\" data-envira-src=\"https:\/\/impluspro.de\/wp-content\/uploads\/2015\/04\/IMG_5278_a1-1024x683-960x300.jpg\" data-envira-gallery-id=\"544\" data-envira-item-id=\"550\" data-envira-caption=\"IMG_5278_a\" alt=\"\" title=\"IMG_5278_a\"  itemprop=\"thumbnailUrl\" data-envira-srcset=\"https:\/\/impluspro.de\/wp-content\/uploads\/2015\/04\/IMG_5278_a1-1024x683-960x300.jpg 400w,https:\/\/impluspro.de\/wp-content\/uploads\/2015\/04\/IMG_5278_a1-1024x683-960x300.jpg 2x\" srcset=\"data:image\/gif;base64,R0lGODlhAQABAIAAAP\/\/\/\/\/\/\/yH5BAEKAAEALAAAAAABAAEAAAICTAEAOw==\" \/><\/div><\/a><\/div><\/div><div id=\"envira-gallery-item-546\" class=\"envira-gallery-item enviratope-item envira-gallery-item-2\" style=\"padding-left: 5px; padding-bottom: 10px; padding-right: 5px;\"  itemscope itemtype=\"https:\/\/schema.org\/ImageObject\"><div class=\"envira-gallery-item-inner\"><div class=\"envira-gallery-position-overlay  envira-gallery-top-left\"><\/div><div class=\"envira-gallery-position-overlay  envira-gallery-top-right\"><\/div><div class=\"envira-gallery-position-overlay  envira-gallery-bottom-left\"><\/div><div class=\"envira-gallery-position-overlay  envira-gallery-bottom-right\"><\/div><a href=\"http:\/\/impluspro.de\/wp-content\/uploads\/2015\/04\/IMG_5280_a.jpg\" class=\"envira-gallery-544 envira-gallery-link\" rel=\"enviragallery544\" title=\"IMG_5280_a\" data-envira-caption=\"IMG_5280_a\" data-envira-retina=\"\" data-thumbnail=\"\"  itemprop=\"contentUrl\"><div class=\"envira-lazy\" data-test-width=\"960\" data-test-height=\"300\" style=\"padding-bottom:31.25%;\"><img decoding=\"async\" id=\"envira-gallery-image-546\" class=\"envira-gallery-image envira-gallery-image-2\" data-envira-index=\"2\" src=\"https:\/\/impluspro.de\/wp-content\/uploads\/2015\/04\/IMG_5280_a-1024x683-960x300.jpg\" data-envira-src=\"https:\/\/impluspro.de\/wp-content\/uploads\/2015\/04\/IMG_5280_a-1024x683-960x300.jpg\" data-envira-gallery-id=\"544\" data-envira-item-id=\"546\" data-envira-caption=\"IMG_5280_a\" alt=\"\" title=\"IMG_5280_a\"  itemprop=\"thumbnailUrl\" data-envira-srcset=\"https:\/\/impluspro.de\/wp-content\/uploads\/2015\/04\/IMG_5280_a-1024x683-960x300.jpg 400w,https:\/\/impluspro.de\/wp-content\/uploads\/2015\/04\/IMG_5280_a-1024x683-960x300.jpg 2x\" srcset=\"data:image\/gif;base64,R0lGODlhAQABAIAAAP\/\/\/\/\/\/\/yH5BAEKAAEALAAAAAABAAEAAAICTAEAOw==\" \/><\/div><\/a><\/div><\/div><div id=\"envira-gallery-item-551\" class=\"envira-gallery-item enviratope-item envira-gallery-item-3\" style=\"padding-left: 5px; padding-bottom: 10px; padding-right: 5px;\"  itemscope itemtype=\"https:\/\/schema.org\/ImageObject\"><div class=\"envira-gallery-item-inner\"><div class=\"envira-gallery-position-overlay  envira-gallery-top-left\"><\/div><div class=\"envira-gallery-position-overlay  envira-gallery-top-right\"><\/div><div class=\"envira-gallery-position-overlay  envira-gallery-bottom-left\"><\/div><div class=\"envira-gallery-position-overlay  envira-gallery-bottom-right\"><\/div><a href=\"http:\/\/impluspro.de\/wp-content\/uploads\/2015\/04\/IMG_5282_a1.jpg\" class=\"envira-gallery-544 envira-gallery-link\" rel=\"enviragallery544\" title=\"IMG_5282_a\" data-envira-caption=\"IMG_5282_a\" data-envira-retina=\"\" data-thumbnail=\"\"  itemprop=\"contentUrl\"><div class=\"envira-lazy\" data-test-width=\"960\" data-test-height=\"300\" style=\"padding-bottom:31.25%;\"><img decoding=\"async\" id=\"envira-gallery-image-551\" class=\"envira-gallery-image envira-gallery-image-3\" data-envira-index=\"3\" src=\"https:\/\/impluspro.de\/wp-content\/uploads\/2015\/04\/IMG_5282_a1-1024x683-960x300.jpg\" data-envira-src=\"https:\/\/impluspro.de\/wp-content\/uploads\/2015\/04\/IMG_5282_a1-1024x683-960x300.jpg\" data-envira-gallery-id=\"544\" data-envira-item-id=\"551\" data-envira-caption=\"IMG_5282_a\" alt=\"\" title=\"IMG_5282_a\"  itemprop=\"thumbnailUrl\" data-envira-srcset=\"https:\/\/impluspro.de\/wp-content\/uploads\/2015\/04\/IMG_5282_a1-1024x683-960x300.jpg 400w,https:\/\/impluspro.de\/wp-content\/uploads\/2015\/04\/IMG_5282_a1-1024x683-960x300.jpg 2x\" srcset=\"data:image\/gif;base64,R0lGODlhAQABAIAAAP\/\/\/\/\/\/\/yH5BAEKAAEALAAAAAABAAEAAAICTAEAOw==\" \/><\/div><\/a><\/div><\/div><div id=\"envira-gallery-item-548\" class=\"envira-gallery-item enviratope-item envira-gallery-item-4\" style=\"padding-left: 5px; padding-bottom: 10px; padding-right: 5px;\"  itemscope itemtype=\"https:\/\/schema.org\/ImageObject\"><div class=\"envira-gallery-item-inner\"><div class=\"envira-gallery-position-overlay  envira-gallery-top-left\"><\/div><div class=\"envira-gallery-position-overlay  envira-gallery-top-right\"><\/div><div class=\"envira-gallery-position-overlay  envira-gallery-bottom-left\"><\/div><div class=\"envira-gallery-position-overlay  envira-gallery-bottom-right\"><\/div><a href=\"http:\/\/impluspro.de\/wp-content\/uploads\/2015\/04\/IMG_5299_a.jpg\" class=\"envira-gallery-544 envira-gallery-link\" rel=\"enviragallery544\" title=\"IMG_5299_a\" data-envira-caption=\"IMG_5299_a\" data-envira-retina=\"\" data-thumbnail=\"\"  itemprop=\"contentUrl\"><div class=\"envira-lazy\" data-test-width=\"960\" data-test-height=\"300\" style=\"padding-bottom:31.25%;\"><img decoding=\"async\" id=\"envira-gallery-image-548\" class=\"envira-gallery-image envira-gallery-image-4\" data-envira-index=\"4\" src=\"https:\/\/impluspro.de\/wp-content\/uploads\/2015\/04\/IMG_5299_a-1024x683-960x300.jpg\" data-envira-src=\"https:\/\/impluspro.de\/wp-content\/uploads\/2015\/04\/IMG_5299_a-1024x683-960x300.jpg\" data-envira-gallery-id=\"544\" data-envira-item-id=\"548\" data-envira-caption=\"IMG_5299_a\" alt=\"\" title=\"IMG_5299_a\"  itemprop=\"thumbnailUrl\" data-envira-srcset=\"https:\/\/impluspro.de\/wp-content\/uploads\/2015\/04\/IMG_5299_a-1024x683-960x300.jpg 400w,https:\/\/impluspro.de\/wp-content\/uploads\/2015\/04\/IMG_5299_a-1024x683-960x300.jpg 2x\" srcset=\"data:image\/gif;base64,R0lGODlhAQABAIAAAP\/\/\/\/\/\/\/yH5BAEKAAEALAAAAAABAAEAAAICTAEAOw==\" \/><\/div><\/a><\/div><\/div><\/div><\/div><noscript><img decoding=\"async\" src=\"https:\/\/impluspro.de\/wp-content\/uploads\/2015\/04\/IMG_5278_a1.jpg\" alt=\"\" \/><img decoding=\"async\" src=\"https:\/\/impluspro.de\/wp-content\/uploads\/2015\/04\/IMG_5280_a.jpg\" alt=\"\" \/><img decoding=\"async\" src=\"https:\/\/impluspro.de\/wp-content\/uploads\/2015\/04\/IMG_5282_a1.jpg\" alt=\"\" \/><img decoding=\"async\" src=\"https:\/\/impluspro.de\/wp-content\/uploads\/2015\/04\/IMG_5299_a.jpg\" alt=\"\" \/><\/noscript><\/code><\/p>\n<\/div><\/div><\/div><\/div><\/div>","protected":false},"excerpt":{"rendered":"<p>ca. 42 m\u00b2, Wohn-\/Schlafraum mit Schrankbett f\u00fcr 2 Personen, ein Kinderreisebett vorhanden Balkon Badewanne\/Dusche\/WC\/Waschmaschine K\u00fcche mit K\u00fchlschrank, Geschirrsp\u00fcler, uvm. Fernseher, Radio Pkw-Stellplatz vorhanden, Aufzug Hinweis: innerhalb der Wohnung gibt es einen H\u00f6henunterschied von 3 Stufen zwischen dem Wohnbereich und der K\u00fcche\/Bad\/Flur! &nbsp;<\/p>\n","protected":false},"author":1,"featured_media":0,"parent":249,"menu_order":1,"comment_status":"closed","ping_status":"closed","template":"","meta":{"footnotes":""},"class_list":["post-281","page","type-page","status-publish","hentry"],"_links":{"self":[{"href":"https:\/\/impluspro.de\/index.php?rest_route=\/wp\/v2\/pages\/281","targetHints":{"allow":["GET"]}}],"collection":[{"href":"https:\/\/impluspro.de\/index.php?rest_route=\/wp\/v2\/pages"}],"about":[{"href":"https:\/\/impluspro.de\/index.php?rest_route=\/wp\/v2\/types\/page"}],"author":[{"embeddable":true,"href":"https:\/\/impluspro.de\/index.php?rest_route=\/wp\/v2\/users\/1"}],"replies":[{"embeddable":true,"href":"https:\/\/impluspro.de\/index.php?rest_route=%2Fwp%2Fv2%2Fcomments&post=281"}],"version-history":[{"count":14,"href":"https:\/\/impluspro.de\/index.php?rest_route=\/wp\/v2\/pages\/281\/revisions"}],"predecessor-version":[{"id":1186,"href":"https:\/\/impluspro.de\/index.php?rest_route=\/wp\/v2\/pages\/281\/revisions\/1186"}],"up":[{"embeddable":true,"href":"https:\/\/impluspro.de\/index.php?rest_route=\/wp\/v2\/pages\/249"}],"wp:attachment":[{"href":"https:\/\/impluspro.de\/index.php?rest_route=%2Fwp%2Fv2%2Fmedia&parent=281"}],"curies":[{"name":"wp","href":"https:\/\/api.w.org\/{rel}","templated":true}]}}