{"id":249,"date":"2015-04-05T20:56:06","date_gmt":"2015-04-05T18:56:06","guid":{"rendered":"http:\/\/impluspro.de\/?page_id=249"},"modified":"2015-05-04T15:20:34","modified_gmt":"2015-05-04T13:20:34","slug":"ferienwohnungen","status":"publish","type":"page","link":"https:\/\/impluspro.de\/?page_id=249","title":{"rendered":"Ferienwohnungen"},"content":{"rendered":"<div id=\"pl-249\"  class=\"panel-layout\" ><div id=\"pg-249-0\"  class=\"panel-grid panel-has-style\" ><div class=\"panel-row-style panel-row-style-for-249-0\" ><div id=\"pgc-249-0-0\"  class=\"panel-grid-cell\" ><div id=\"panel-249-0-0-0\" class=\"so-panel widget widget_black-studio-tinymce widget_black_studio_tinymce panel-first-child panel-last-child\" data-index=\"0\" ><div class=\"textwidget\"><\/div><\/div><\/div><\/div><\/div><div id=\"pg-249-1\"  class=\"panel-grid panel-has-style\" ><div class=\"panel-row-style panel-row-style-for-249-1\" ><div id=\"pgc-249-1-0\"  class=\"panel-grid-cell\" ><div id=\"panel-249-1-0-0\" class=\"so-panel widget widget_black-studio-tinymce widget_black_studio_tinymce panel-first-child panel-last-child\" data-index=\"1\" ><div class=\"textwidget\"><p><div id=\"metaslider-id-781\" style=\"max-width: 400px; margin: 0 auto;\" class=\"ml-slider-3-106-0 metaslider metaslider-coin metaslider-781 ml-slider ms-theme-default\" role=\"region\" aria-label=\"Neue Diashow\" data-height=\"300\" data-width=\"400\">\n    <div id=\"metaslider_container_781\">\n        <div id='metaslider_781' class='coin-slider'>\n<a href=\"javascript:void(0)\" target=\"_self\"><img loading=\"lazy\" decoding=\"async\" src=\"https:\/\/impluspro.de\/wp-content\/uploads\/2015\/05\/Image00007-400x300.jpg\" height=\"300\" width=\"400\" alt=\"\" class=\"slider-781 slide-759 msDefaultImage\" style=\"display: none;\" \/><span>Alter Strom<\/span><\/a>\n<a href=\"javascript:void(0)\" target=\"_self\"><img loading=\"lazy\" decoding=\"async\" src=\"https:\/\/impluspro.de\/wp-content\/uploads\/2015\/05\/Image00005-400x300.jpg\" height=\"300\" width=\"400\" alt=\"\" class=\"slider-781 slide-757 msDefaultImage\" style=\"display: none;\" \/><span>Strandpromenade<\/span><\/a>\n<a href=\"javascript:void(0)\" target=\"_self\"><img loading=\"lazy\" decoding=\"async\" src=\"https:\/\/impluspro.de\/wp-content\/uploads\/2015\/05\/Image00012-400x300.jpg\" height=\"300\" width=\"400\" alt=\"\" class=\"slider-781 slide-764 msDefaultImage\" title=\"Strand\" style=\"display: none;\" \/><span>Strand<\/span><\/a>\n<a href=\"javascript:void(0)\" target=\"_self\"><img loading=\"lazy\" decoding=\"async\" src=\"https:\/\/impluspro.de\/wp-content\/uploads\/2015\/05\/Image00008-400x300.jpg\" height=\"300\" width=\"400\" alt=\"\" class=\"slider-781 slide-760 msDefaultImage\" style=\"display: none;\" \/><span>Ortskern Warnem\u00fcnde<\/span><\/a>\n<a href=\"javascript:void(0)\" target=\"_self\"><img loading=\"lazy\" decoding=\"async\" src=\"https:\/\/impluspro.de\/wp-content\/uploads\/2015\/05\/Image00001-400x300.jpg\" height=\"300\" width=\"400\" alt=\"\" class=\"slider-781 slide-753 msDefaultImage\" style=\"display: none;\" \/><span>Haus \"Undine\"<\/span><\/a>\n<a href=\"javascript:void(0)\" target=\"_self\"><img loading=\"lazy\" decoding=\"async\" src=\"https:\/\/impluspro.de\/wp-content\/uploads\/2015\/05\/Image00010-400x300.jpg\" height=\"300\" width=\"400\" alt=\"\" class=\"slider-781 slide-762 msDefaultImage\" style=\"display: none;\" \/><span>Teepott &amp; Leuchtturm<\/span><\/a>\n<a href=\"javascript:void(0)\" target=\"_self\"><img loading=\"lazy\" decoding=\"async\" src=\"https:\/\/impluspro.de\/wp-content\/uploads\/2015\/05\/Image00003-400x300.jpg\" height=\"300\" width=\"400\" alt=\"\" class=\"slider-781 slide-755 msDefaultImage\" style=\"display: none;\" \/><span>Strand<\/span><\/a>\n<a href=\"javascript:void(0)\" target=\"_self\"><img loading=\"lazy\" decoding=\"async\" src=\"https:\/\/impluspro.de\/wp-content\/uploads\/2015\/05\/Image00011-400x300.jpg\" height=\"300\" width=\"400\" alt=\"\" class=\"slider-781 slide-763 msDefaultImage\" style=\"display: none;\" \/><span>Strandaufgang am Haus \"Undine\"<\/span><\/a>\n<a href=\"javascript:void(0)\" target=\"_self\"><img loading=\"lazy\" decoding=\"async\" src=\"https:\/\/impluspro.de\/wp-content\/uploads\/2015\/05\/Image00002-400x300.jpg\" height=\"300\" width=\"400\" alt=\"\" class=\"slider-781 slide-754 msDefaultImage\" style=\"display: none;\" \/><span>K\u00fcste<\/span><\/a>\n<a href=\"javascript:void(0)\" target=\"_self\"><img loading=\"lazy\" decoding=\"async\" src=\"https:\/\/impluspro.de\/wp-content\/uploads\/2015\/05\/Image00009-400x300.jpg\" height=\"300\" width=\"400\" alt=\"\" class=\"slider-781 slide-761 msDefaultImage\" style=\"display: none;\" \/><span>Brunnen<\/span><\/a>\n        <\/div>\n        \n    <\/div>\n<\/div><\/p>\n<\/div><\/div><\/div><div id=\"pgc-249-1-1\"  class=\"panel-grid-cell\" ><div id=\"panel-249-1-1-0\" class=\"so-panel widget widget_black-studio-tinymce widget_black_studio_tinymce panel-first-child panel-last-child\" data-index=\"2\" ><div class=\"panel-widget-style panel-widget-style-for-249-1-1-0\" ><div class=\"textwidget\"><p style=\"text-align: justify;\">Die IMplusPRO GmbH vermietet im Haus \"Undine\" in Rostock-Warne- m\u00fcnde 2 Ferienwohnungen.<br \/> Das Haus \"Undine\" steht direkt an der Strandpromenade von Warnem\u00fcnde. Direkt gegen\u00fcber dem Hauseingang ist der Strandaufgang. Ein kurzer Gang durch die D\u00fcne und Sie sind am Wasser.<\/p>\n<p style=\"text-align: center;\"><a class=\"mb-button mb-style-traditional mb-size-small mb-corners-default mb-text-style-heavy \" style=\"background-color: #15a154;\" href=\"http:\/\/impluspro.de\/?page_id=279\">Fewo 14<\/a> \u00a0 \u00a0 <a class=\"mb-button mb-style-traditional mb-size-small mb-corners-default mb-text-style-heavy \" style=\"background-color: #15a154;\" href=\"http:\/\/impluspro.de\/?page_id=281\">Fewo15<\/a><\/p>\n<\/div><\/div><\/div><\/div><div id=\"pgc-249-1-2\"  class=\"panel-grid-cell\" ><div id=\"panel-249-1-2-0\" class=\"so-panel widget widget_sow-google-map panel-first-child panel-last-child\" data-index=\"3\" ><div class=\"panel-widget-style panel-widget-style-for-249-1-2-0\" ><div\n\t\t\t\n\t\t\tclass=\"so-widget-sow-google-map so-widget-sow-google-map-default-67982931ae57-249\"\n\t\t\t\n\t\t>\n<div class=\"sow-google-map-canvas\"\n\tstyle=\"\"\n\tid=\"map-canvas-1868fffea5103c6e4d8a81c9ce664b19\"\n\tdata-options=\"{&quot;address&quot;:&quot;strandweg 16, rostock&quot;,&quot;zoom&quot;:13,&quot;mobileZoom&quot;:13,&quot;gestureHandling&quot;:&quot;greedy&quot;,&quot;disableUi&quot;:false,&quot;markerIcon&quot;:false,&quot;markersDraggable&quot;:false,&quot;markerAtCenter&quot;:true,&quot;markerInfoDisplay&quot;:&quot;click&quot;,&quot;markerInfoMultiple&quot;:true,&quot;markerPositions&quot;:false,&quot;mapName&quot;:false,&quot;mapStyles&quot;:false,&quot;directions&quot;:&quot;&quot;,&quot;apiKey&quot;:&quot;&quot;,&quot;breakpoint&quot;:&quot;780&quot;,&quot;id&quot;:&quot;69f353&quot;}\"\n\tdata-fallback-image=\"{&quot;img&quot;:&quot;&quot;}\"><\/div>\n<\/div><\/div><\/div><\/div><\/div><\/div><\/div>","protected":false},"excerpt":{"rendered":"<p>Die IMplusPRO GmbH vermietet im Haus &#8222;Undine&#8220; in Rostock-Warne- m\u00fcnde 2 Ferienwohnungen. Das Haus &#8222;Undine&#8220; steht direkt an der Strandpromenade von Warnem\u00fcnde. Direkt gegen\u00fcber dem Hauseingang ist der Strandaufgang. Ein kurzer Gang durch die D\u00fcne und Sie sind am Wasser.Fewo 14 \u00a0 \u00a0 Fewo15<\/p>\n","protected":false},"author":1,"featured_media":0,"parent":240,"menu_order":2,"comment_status":"closed","ping_status":"closed","template":"","meta":{"footnotes":""},"class_list":["post-249","page","type-page","status-publish","hentry"],"_links":{"self":[{"href":"https:\/\/impluspro.de\/index.php?rest_route=\/wp\/v2\/pages\/249","targetHints":{"allow":["GET"]}}],"collection":[{"href":"https:\/\/impluspro.de\/index.php?rest_route=\/wp\/v2\/pages"}],"about":[{"href":"https:\/\/impluspro.de\/index.php?rest_route=\/wp\/v2\/types\/page"}],"author":[{"embeddable":true,"href":"https:\/\/impluspro.de\/index.php?rest_route=\/wp\/v2\/users\/1"}],"replies":[{"embeddable":true,"href":"https:\/\/impluspro.de\/index.php?rest_route=%2Fwp%2Fv2%2Fcomments&post=249"}],"version-history":[{"count":54,"href":"https:\/\/impluspro.de\/index.php?rest_route=\/wp\/v2\/pages\/249\/revisions"}],"predecessor-version":[{"id":790,"href":"https:\/\/impluspro.de\/index.php?rest_route=\/wp\/v2\/pages\/249\/revisions\/790"}],"up":[{"embeddable":true,"href":"https:\/\/impluspro.de\/index.php?rest_route=\/wp\/v2\/pages\/240"}],"wp:attachment":[{"href":"https:\/\/impluspro.de\/index.php?rest_route=%2Fwp%2Fv2%2Fmedia&parent=249"}],"curies":[{"name":"wp","href":"https:\/\/api.w.org\/{rel}","templated":true}]}}