{"id":243,"date":"2015-04-05T20:49:59","date_gmt":"2015-04-05T18:49:59","guid":{"rendered":"http:\/\/impluspro.de\/?page_id=243"},"modified":"2023-01-10T14:12:59","modified_gmt":"2023-01-10T13:12:59","slug":"vermietung","status":"publish","type":"page","link":"https:\/\/impluspro.de\/?page_id=243","title":{"rendered":"Mietobjekte"},"content":{"rendered":"<p>An dieser Stelle bieten wir Ihnen Mietobjekte in den St\u00e4dten: Berlin, Rostock und G\u00fcstrow an.<\/p>\n<p>In der nachstehenden Auswahl k\u00f6nnen Sie erkennen in welcher Stadt Wohnungen zur Miete angeboten werden. Sie k\u00f6nnen eine Auswahl nach St\u00e4dten treffen oder sich alle Angebote anzeigen lassen.<\/p>\n<div id=\"iwModule\"><script language=\"javascript\" type=\"text\/javascript\"><br \/>\n var guid = '71c03d3d041949f58b54ae8d7c6c5c1f';<br \/>\n <\/script><br \/>\n<script language=\"javascript\" type=\"text\/javascript\" src=\"https:\/\/homepagemodul.immowelt.de\/_scripts\/iwag\/homepagemodul\/homepagemodul.pack.js\"><\/script><\/p>\n<div id=\"iwWidget\" class=\"iwWidget\"><\/div>\n<p><noscript>Bitte aktivieren Sie Javascript.<\/noscript><\/p>\n<div id=\"iwdigetinfo\">powered by <a id=\"iwdigetinfolink1\" href=\"https:\/\/www.immowelt.de\" rel=\"nofollow\">immowelt GmbH<\/a><\/div>\n<\/div>\n<p><img loading=\"lazy\" decoding=\"async\" class=\"so-widget-image\" style=\"max-width: 100%; height: auto;\" src=\"http:\/\/impluspro.de\/wp-content\/uploads\/2015\/04\/Obraz-6-Fotolia_42652337_L.jpg\" alt=\"\" width=\"345\" height=\"230\" \/> <img loading=\"lazy\" decoding=\"async\" class=\"so-widget-image\" style=\"max-width: 100%; height: auto;\" src=\"http:\/\/impluspro.de\/wp-content\/uploads\/2015\/04\/Obraz-5-Fotolia_40005485_L.jpg\" alt=\"\" width=\"345\" height=\"230\" \/> <img loading=\"lazy\" decoding=\"async\" class=\"so-widget-image\" style=\"max-width: 100%; height: auto;\" src=\"http:\/\/impluspro.de\/wp-content\/uploads\/2015\/04\/Obraz-7-Fotolia_44201802_L.jpg\" alt=\"\" width=\"345\" height=\"230\" \/><\/p>\n","protected":false},"excerpt":{"rendered":"<p>An dieser Stelle bieten wir Ihnen Mietobjekte in den St\u00e4dten: Berlin, Rostock und G\u00fcstrow an. In der nachstehenden Auswahl k\u00f6nnen Sie erkennen in welcher Stadt Wohnungen zur Miete angeboten werden. Sie k\u00f6nnen eine Auswahl nach St\u00e4dten treffen oder sich alle Angebote anzeigen lassen. Bitte aktivieren Sie Javascript. powered by immowelt GmbH<\/p>\n","protected":false},"author":1,"featured_media":0,"parent":240,"menu_order":0,"comment_status":"closed","ping_status":"closed","template":"","meta":{"footnotes":""},"class_list":["post-243","page","type-page","status-publish","hentry"],"_links":{"self":[{"href":"https:\/\/impluspro.de\/index.php?rest_route=\/wp\/v2\/pages\/243","targetHints":{"allow":["GET"]}}],"collection":[{"href":"https:\/\/impluspro.de\/index.php?rest_route=\/wp\/v2\/pages"}],"about":[{"href":"https:\/\/impluspro.de\/index.php?rest_route=\/wp\/v2\/types\/page"}],"author":[{"embeddable":true,"href":"https:\/\/impluspro.de\/index.php?rest_route=\/wp\/v2\/users\/1"}],"replies":[{"embeddable":true,"href":"https:\/\/impluspro.de\/index.php?rest_route=%2Fwp%2Fv2%2Fcomments&post=243"}],"version-history":[{"count":15,"href":"https:\/\/impluspro.de\/index.php?rest_route=\/wp\/v2\/pages\/243\/revisions"}],"predecessor-version":[{"id":1261,"href":"https:\/\/impluspro.de\/index.php?rest_route=\/wp\/v2\/pages\/243\/revisions\/1261"}],"up":[{"embeddable":true,"href":"https:\/\/impluspro.de\/index.php?rest_route=\/wp\/v2\/pages\/240"}],"wp:attachment":[{"href":"https:\/\/impluspro.de\/index.php?rest_route=%2Fwp%2Fv2%2Fmedia&parent=243"}],"curies":[{"name":"wp","href":"https:\/\/api.w.org\/{rel}","templated":true}]}}